{"id":3,"date":"2025-07-14T10:31:54","date_gmt":"2025-07-14T10:31:54","guid":{"rendered":"http:\/\/mbch.de\/?page_id=3"},"modified":"2025-07-15T00:26:00","modified_gmt":"2025-07-14T22:26:00","slug":"privacy-policy","status":"publish","type":"page","link":"https:\/\/mbch.de\/?page_id=3","title":{"rendered":"Datenschutzhinweis"},"content":{"rendered":"\n<p><strong>Cookies<\/strong><br>Die Internetseiten verwenden teilweise so genannte Cookies. Cookies richten auf Ihrem Rechner keinen Schaden an und enthalten keine Viren.<br>Cookies sind kleine Textdateien, die auf Ihrem Rechner abgelegt werden und die Ihr Browser speichert.<br>Diese Cookies k\u00f6nnen Sie jederzeit aus Ihrem Browser l\u00f6schen.<br>Hierbei handelt es sich um Sesison-Cookies.<\/p>\n\n\n\n<p><strong><br>Server-Log-Files<\/strong><br>Der Provider der Seiten erhebt und speichert automatisch Informationen in so genannten Server-Log Files diese werden wie folgt gespeichert:<br>\u2013 Browsertyp und Browserversion<br>\u2013 verwendetes Betriebssystem<br>\u2013 Referrer URL<br>\u2013 Hostname des zugreifenden Rechners<br>\u2013 Uhrzeit der Serveranfrage<br>Wir selbst k\u00f6nnen diese IP-Adressen nicht zuordnen.<br>Nach 7 Tagen werden diese IP Adressen von unserem Webhosting Provieder anonymisiert.<br>Eine Auswertung dieser Daten zu Marketingzwecken findet in diesem Zusammenhang nicht statt.<\/p>\n\n\n\n<p><strong>Recht auf Auskunft, Recht auf Vergessenwerden, L\u00f6schung, Sperrung<\/strong><br>Sie haben auch bei uns das Recht auf L\u00f6schung ihrer Daten.<br>Unter Mein Konto k\u00f6nnen Sie ihre Daten direkt l\u00f6schen.<br>Beachten Sie bitte, dass Sie danach keinen Zugang mehr zu dieser Seite haben.<br>Auch Daten der offenen Bestellungen werden mit gel\u00f6scht und k\u00f6nnen dann nicht mehr ausgef\u00fchrt werden.<br>Eine Datenauskunft ist ebenfalls m\u00f6glich.<br>Login Daten werden nach einem Jahr Inaktivit\u00e4t automatisch von unserem System gel\u00f6scht.<br>Eine Wiederherstellung ist nicht m\u00f6glich.<br>In diesem Fall m\u00fcssen Sie sich neu registrieren.<br><br><strong>E-Mail und Formulare<\/strong><br>Wenn Sie uns nun eine Mail schreiben oder ein Formular ausf\u00fcllen, stimmen Sie uns einer Beantwortung und der Speicherung Ihres Namens, Ihres Anliegens (in Textform) und Ihrer E-Mail-Adresse zu. Diese Nachrichten werden als E-Mail auf unseren Computern gespeichert. Ihre Daten werden nicht l\u00e4nger als n\u00f6tig gespeichert<\/p>\n\n\n\n<p><strong>Externe E-Mail Links<\/strong><br>Bei externen E-Mail-Links mit den dazugeh\u00f6rigen E-Mail-Adressen sind die jeweiligen Anbieter f\u00fcr die Einhaltung des Datenschutzes verantwortlich.<br>Hier muss auf ihrem PC ein E-Mail-Programm eingerichtet sein.<br>Der Versand einer E-Mail findet daher ausschlie\u00dflich auf ihrem Computer statt.<\/p>\n\n\n\n<p><strong>TLS Verschl\u00fcsselung<\/strong><br>Unsere Seite wird TLS verschl\u00fcsselt \u00fcber das Internet \u00fcbertragen.<br>Dadurch werden alle Daten zwischen dem Server und Ihrem Computer sicher verschl\u00fcsselt \u00fcbertragen. Es ist daher sehr unwahrscheinlich, dass dritte bei der \u00dcbertragung dieser Seite direkt mitlesen k\u00f6nnen.<br>Weitere Informationen zur Verschl\u00fcsselung erhalten Sie mit der Hilfe Ihres Browsers (Schloss in der Browser-Adresszeile).<br><br><strong>Login<\/strong><br>Alle Daten, die Sie hier angeben, sind freiwillig und geschehen mit Ihrer Zustimmung.<br>Unser System informiert Sie automatisch \u00fcber die Geschehnisse des Login-Bereichs per Mail.<br>Ein Benutzername und eine funktionierende E-Mail-Adresse sind bei der Registrierung ausreichend.<br>Sie erlauben hiermit unserem System, Ihre E-Mail-Adresse zu verwenden.<br>Bei einer Anmeldung werden folgende Daten gespeichert: Datum, Uhrzeit, IP-Adresse. Ihre weiteren Daten ,wie Name, Anschrift werden ausschlie\u00dflich zur Bestellabwicklung verwendet.<br>Sollte bei der Abmeldung schon was im Warenkorb liegen, bleibt es im Warenkorb liegen, bis diese Bestellung bei der n\u00e4chsten Anmeldung abgeschlossen oder gel\u00f6scht wird.<\/p>\n\n\n\n<p><\/p>\n","protected":false},"excerpt":{"rendered":"<p>CookiesDie Internetseiten verwenden teilweise so genannte Cookies. Cookies richten auf Ihrem Rechner keinen Schaden an und enthalten keine Viren.Cookies sind kleine Textdateien, die auf Ihrem &hellip; <\/p>\n","protected":false},"author":1,"featured_media":0,"parent":0,"menu_order":0,"comment_status":"closed","ping_status":"open","template":"","meta":{"footnotes":""},"class_list":["post-3","page","type-page","status-publish","hentry"],"_links":{"self":[{"href":"https:\/\/mbch.de\/index.php?rest_route=\/wp\/v2\/pages\/3","targetHints":{"allow":["GET"]}}],"collection":[{"href":"https:\/\/mbch.de\/index.php?rest_route=\/wp\/v2\/pages"}],"about":[{"href":"https:\/\/mbch.de\/index.php?rest_route=\/wp\/v2\/types\/page"}],"author":[{"embeddable":true,"href":"https:\/\/mbch.de\/index.php?rest_route=\/wp\/v2\/users\/1"}],"replies":[{"embeddable":true,"href":"https:\/\/mbch.de\/index.php?rest_route=%2Fwp%2Fv2%2Fcomments&post=3"}],"version-history":[{"count":3,"href":"https:\/\/mbch.de\/index.php?rest_route=\/wp\/v2\/pages\/3\/revisions"}],"predecessor-version":[{"id":388,"href":"https:\/\/mbch.de\/index.php?rest_route=\/wp\/v2\/pages\/3\/revisions\/388"}],"wp:attachment":[{"href":"https:\/\/mbch.de\/index.php?rest_route=%2Fwp%2Fv2%2Fmedia&parent=3"}],"curies":[{"name":"wp","href":"https:\/\/api.w.org\/{rel}","templated":true}]}}